{"id":30,"date":"2018-11-10T11:57:22","date_gmt":"2018-11-10T11:57:22","guid":{"rendered":"http:\/\/praxis-juliawolf.at\/?page_id=30"},"modified":"2019-12-14T12:05:46","modified_gmt":"2019-12-14T12:05:46","slug":"home","status":"publish","type":"page","link":"https:\/\/praxis-juliawolf.at\/","title":{"rendered":"Home"},"content":{"rendered":"\t\t<div data-elementor-type=\"wp-post\" data-elementor-id=\"30\" class=\"elementor elementor-30\">\n\t\t\t\t\t\t<div class=\"elementor-inner\">\n\t\t\t\t<div class=\"elementor-section-wrap\">\n\t\t\t\t\t\t\t\t\t<section class=\"elementor-section elementor-top-section elementor-element elementor-element-5830f31 elementor-section-boxed elementor-section-height-default elementor-section-height-default\" data-id=\"5830f31\" data-element_type=\"section\">\n\t\t\t\t\t\t<div class=\"elementor-container elementor-column-gap-default\">\n\t\t\t\t\t\t\t<div class=\"elementor-row\">\n\t\t\t\t\t<div class=\"elementor-column elementor-col-100 elementor-top-column elementor-element elementor-element-2177421\" data-id=\"2177421\" data-element_type=\"column\">\n\t\t\t<div class=\"elementor-column-wrap elementor-element-populated\">\n\t\t\t\t\t\t\t<div class=\"elementor-widget-wrap\">\n\t\t\t\t\t\t<div class=\"elementor-element elementor-element-e5bba93 elementor-widget elementor-widget-spacer\" data-id=\"e5bba93\" data-element_type=\"widget\" data-widget_type=\"spacer.default\">\n\t\t\t\t<div class=\"elementor-widget-container\">\n\t\t\t\t\t<div class=\"elementor-spacer\">\n\t\t\t<div class=\"elementor-spacer-inner\"><\/div>\n\t\t<\/div>\n\t\t\t\t<\/div>\n\t\t\t\t<\/div>\n\t\t\t\t\t\t<\/div>\n\t\t\t\t\t<\/div>\n\t\t<\/div>\n\t\t\t\t\t\t\t\t<\/div>\n\t\t\t\t\t<\/div>\n\t\t<\/section>\n\t\t\t\t<section class=\"elementor-section elementor-top-section elementor-element elementor-element-0e7aaa4 elementor-section-boxed elementor-section-height-default elementor-section-height-default\" data-id=\"0e7aaa4\" data-element_type=\"section\">\n\t\t\t\t\t\t<div class=\"elementor-container elementor-column-gap-default\">\n\t\t\t\t\t\t\t<div class=\"elementor-row\">\n\t\t\t\t\t<div class=\"elementor-column elementor-col-100 elementor-top-column elementor-element elementor-element-fb5a1ec\" data-id=\"fb5a1ec\" data-element_type=\"column\">\n\t\t\t<div class=\"elementor-column-wrap elementor-element-populated\">\n\t\t\t\t\t\t\t<div class=\"elementor-widget-wrap\">\n\t\t\t\t\t\t<div class=\"elementor-element elementor-element-440c756 elementor-arrows-position-inside elementor-widget elementor-widget-image-carousel\" data-id=\"440c756\" data-element_type=\"widget\" data-settings=\"{&quot;navigation&quot;:&quot;arrows&quot;,&quot;image_spacing_custom&quot;:{&quot;unit&quot;:&quot;px&quot;,&quot;size&quot;:100,&quot;sizes&quot;:[]},&quot;autoplay&quot;:&quot;yes&quot;,&quot;pause_on_hover&quot;:&quot;yes&quot;,&quot;pause_on_interaction&quot;:&quot;yes&quot;,&quot;autoplay_speed&quot;:5000,&quot;infinite&quot;:&quot;yes&quot;,&quot;speed&quot;:500}\" data-widget_type=\"image-carousel.default\">\n\t\t\t\t<div class=\"elementor-widget-container\">\n\t\t\t\t\t<div class=\"elementor-image-carousel-wrapper swiper-container\" dir=\"ltr\">\n\t\t\t<div class=\"elementor-image-carousel swiper-wrapper\">\n\t\t\t\t\t\t\t\t<div class=\"swiper-slide\"><a data-elementor-open-lightbox=\"yes\" data-elementor-lightbox-slideshow=\"440c756\" data-elementor-lightbox-title=\"L1052380 300x200\" e-action-hash=\"#elementor-action%3Aaction%3Dlightbox%26settings%3DeyJpZCI6MjcxLCJ1cmwiOiJodHRwczpcL1wvcHJheGlzLWp1bGlhd29sZi5hdFwvd3AtY29udGVudFwvdXBsb2Fkc1wvMjAxOVwvMTFcL0wxMDUyMzgwLTMwMHgyMDAuanBnIiwic2xpZGVzaG93IjoiNDQwYzc1NiJ9\" href=\"https:\/\/praxis-juliawolf.at\/?page_id=42\"><figure class=\"swiper-slide-inner\"><img decoding=\"async\" class=\"swiper-slide-image\" src=\"https:\/\/praxis-juliawolf.at\/wp-content\/uploads\/2019\/11\/L1052380-300x200.jpg\" alt=\"K\u00f6rperarbeit\" \/><figcaption class=\"elementor-image-carousel-caption\">K\u00f6rperarbeit<\/figcaption><\/figure><\/a><\/div><div class=\"swiper-slide\"><a data-elementor-open-lightbox=\"yes\" data-elementor-lightbox-slideshow=\"440c756\" data-elementor-lightbox-title=\"L1052387 300x200\" e-action-hash=\"#elementor-action%3Aaction%3Dlightbox%26settings%3DeyJpZCI6MjcyLCJ1cmwiOiJodHRwczpcL1wvcHJheGlzLWp1bGlhd29sZi5hdFwvd3AtY29udGVudFwvdXBsb2Fkc1wvMjAxOVwvMTFcL0wxMDUyMzg3LTMwMHgyMDAuanBnIiwic2xpZGVzaG93IjoiNDQwYzc1NiJ9\" href=\"https:\/\/praxis-juliawolf.at\/?page_id=42\"><figure class=\"swiper-slide-inner\"><img decoding=\"async\" class=\"swiper-slide-image\" src=\"https:\/\/praxis-juliawolf.at\/wp-content\/uploads\/2019\/11\/L1052387-300x200.jpg\" alt=\"Wohlf\u00fchlen\" \/><figcaption class=\"elementor-image-carousel-caption\">Wohlf\u00fchlen<\/figcaption><\/figure><\/a><\/div><div class=\"swiper-slide\"><a data-elementor-open-lightbox=\"yes\" data-elementor-lightbox-slideshow=\"440c756\" data-elementor-lightbox-title=\"L1052392 300x200\" e-action-hash=\"#elementor-action%3Aaction%3Dlightbox%26settings%3DeyJpZCI6MjczLCJ1cmwiOiJodHRwczpcL1wvcHJheGlzLWp1bGlhd29sZi5hdFwvd3AtY29udGVudFwvdXBsb2Fkc1wvMjAxOVwvMTFcL0wxMDUyMzkyLTMwMHgyMDAucG5nIiwic2xpZGVzaG93IjoiNDQwYzc1NiJ9\" href=\"https:\/\/praxis-juliawolf.at\/?page_id=42\"><figure class=\"swiper-slide-inner\"><img decoding=\"async\" class=\"swiper-slide-image\" src=\"https:\/\/praxis-juliawolf.at\/wp-content\/uploads\/2019\/11\/L1052392-300x200.png\" alt=\"Massage\" \/><figcaption class=\"elementor-image-carousel-caption\">Massage<\/figcaption><\/figure><\/a><\/div>\t\t\t<\/div>\n\t\t\t\t\t\t\t\t\t\t\t\t\t\t\t\t<div class=\"elementor-swiper-button elementor-swiper-button-prev\">\n\t\t\t\t\t\t<i aria-hidden=\"true\" class=\"eicon-chevron-left\"><\/i>\t\t\t\t\t\t<span class=\"elementor-screen-only\">Zur\u00fcck<\/span>\n\t\t\t\t\t<\/div>\n\t\t\t\t\t<div class=\"elementor-swiper-button elementor-swiper-button-next\">\n\t\t\t\t\t\t<i aria-hidden=\"true\" class=\"eicon-chevron-right\"><\/i>\t\t\t\t\t\t<span class=\"elementor-screen-only\">Weiter<\/span>\n\t\t\t\t\t<\/div>\n\t\t\t\t\t\t\t\t\t<\/div>\n\t\t\t\t<\/div>\n\t\t\t\t<\/div>\n\t\t\t\t\t\t<\/div>\n\t\t\t\t\t<\/div>\n\t\t<\/div>\n\t\t\t\t\t\t\t\t<\/div>\n\t\t\t\t\t<\/div>\n\t\t<\/section>\n\t\t\t\t\t\t\t\t\t<\/div>\n\t\t\t<\/div>\n\t\t\t\t\t<\/div>\n\t\t","protected":false},"excerpt":{"rendered":"<p>K\u00f6rperarbeit Wohlf\u00fchlen Massage Zur\u00fcck Weiter<\/p>\n","protected":false},"author":2,"featured_media":0,"parent":0,"menu_order":0,"comment_status":"closed","ping_status":"closed","template":"","meta":[],"_links":{"self":[{"href":"https:\/\/praxis-juliawolf.at\/index.php?rest_route=\/wp\/v2\/pages\/30"}],"collection":[{"href":"https:\/\/praxis-juliawolf.at\/index.php?rest_route=\/wp\/v2\/pages"}],"about":[{"href":"https:\/\/praxis-juliawolf.at\/index.php?rest_route=\/wp\/v2\/types\/page"}],"author":[{"embeddable":true,"href":"https:\/\/praxis-juliawolf.at\/index.php?rest_route=\/wp\/v2\/users\/2"}],"replies":[{"embeddable":true,"href":"https:\/\/praxis-juliawolf.at\/index.php?rest_route=%2Fwp%2Fv2%2Fcomments&post=30"}],"version-history":[{"count":15,"href":"https:\/\/praxis-juliawolf.at\/index.php?rest_route=\/wp\/v2\/pages\/30\/revisions"}],"predecessor-version":[{"id":365,"href":"https:\/\/praxis-juliawolf.at\/index.php?rest_route=\/wp\/v2\/pages\/30\/revisions\/365"}],"wp:attachment":[{"href":"https:\/\/praxis-juliawolf.at\/index.php?rest_route=%2Fwp%2Fv2%2Fmedia&parent=30"}],"curies":[{"name":"wp","href":"https:\/\/api.w.org\/{rel}","templated":true}]}}